{"id":1714,"date":"2018-12-17T12:59:17","date_gmt":"2018-12-17T12:59:17","guid":{"rendered":"https:\/\/geopipes.ee\/privaatsustingimused\/"},"modified":"2020-10-13T07:36:54","modified_gmt":"2020-10-13T07:36:54","slug":"privacy-policy","status":"publish","type":"page","link":"https:\/\/geopipes.ee\/en\/privacy-policy\/","title":{"rendered":"Privacy policy"},"content":{"rendered":"<p>[vc_row hide_bg_image_on_tablet=&#8221;&#8221; hide_bg_image_on_mobile=&#8221;&#8221; css=&#8221;.vc_custom_1527690588959{background-color: #f7f8f9 !important;}&#8221;][vc_column icons_position=&#8221;left&#8221;][vc_empty_space height=&#8221;4em&#8221; alter_height=&#8221;none&#8221; hide_on_mobile=&#8221;&#8221; hide_on_desktop=&#8221;&#8221; hide_on_notebook=&#8221;&#8221; hide_on_tablet=&#8221;&#8221;][vc_column_text]<\/p>\n<div class=\"section-text text-block \">\n<p>Kehtivad alates 01.07.2019<\/p>\n<p>Privaatsustingimused reguleerivad isikuandmete t\u00f6\u00f6tlemist ja k\u00fcpsiste kasutamist Geopipes (edaspidi <em>Geopipes<\/em>) veebilehel\u00a0https:\/\/geopipes.ee\u00a0(edaspidi\u00a0<em>veebileht<\/em>).<\/p>\n<h4><strong>M\u00d5ISTED<\/strong><\/h4>\n<p><strong>Isikuandmete t\u00f6\u00f6tlemine<\/strong>\u00a0on igasugune veebilehe kasutaja (edaspidi\u00a0<em>kasutaja<\/em>) isikuandmetega tehtav tegevus \u2013 andmete kogumine, t\u00f6\u00f6tlemine, talletamine, parandamine v\u00f5i kustutamine.<\/p>\n<p><strong>Kasutajad<\/strong>\u00a0on k\u00f5ik isikud, kes k\u00fclastavad veebilehte, tarbivad teenuseid v\u00f5i edastavad Geopipesile omalt poolt infot. N\u00e4iteks artiklite lugemine, teenuste tellimine v\u00f5i Geopipesiga meili teel \u00fchenduse v\u00f5tmine.<\/p>\n<p><strong>Teenused<\/strong>\u00a0on k\u00f5ik Geopipesi poolt pakutavad tasuta ja tasulised tooted ja teenused.<\/p>\n<h4><strong>ISIKUANDMETE T\u00d6\u00d6TLEMINE<\/strong><\/h4>\n<p>Veebilehte kasutades annab kasutaja n\u00f5usoleku oma andmete t\u00f6\u00f6tlemiseks koosk\u00f5las k\u00e4esolevate privaatsustingimustega.<\/p>\n<p>Geopipes kogub veebilehe kaudu allj\u00e4rgnevaid kasutajate isikuandmeid j\u00e4rgnevalt kirjeldatud viisidel:<\/p>\n<ul>\n<li><strong>kasutaja e-posti aadress<\/strong>\u00a0\u2013 kasutaja liitumisel meililistiga v\u00f5i e-kirja saatmisel;<\/li>\n<li><strong>kasutaja nimi ja e-posti aadress\u00a0<\/strong>\u2013 kasutaja poolt infop\u00e4ringu tegemisel;<\/li>\n<li><strong>veebilehe k\u00fclastatavuse statistika<\/strong>\u00a0\u2013 Google Analyticsi, Facebook Pixeli abil.<\/li>\n<\/ul>\n<h4><strong>ISIKUANDMETE KASUTAMINE<\/strong><\/h4>\n<p>Geopipes kasutab isikuandmeid:<\/p>\n<ul>\n<li>kasutajale\u00a0<strong>teenuse osutamiseks<\/strong><u>,<\/u>\u00a0n\u00e4iteks lepingu s\u00f5lmimiseks ja t\u00e4itmiseks, kasutajaga suhtlemiseks, arvete edastamiseks;<\/li>\n<li>kasutaja e-posti aadressile\u00a0<strong>teavituste saatmiseks<\/strong>\u00a0uutest artiklitest, teenustest ja kampaaniatest, kuid seda vaid kasutaja eelneval n\u00f5usolekul.<\/li>\n<\/ul>\n<p>Geopipes kasutab veebilehe k\u00fclastatavuse statistikat veebilehe\u00a0<strong>kasutajakogemuse parendamiseks\u00a0<\/strong>ja\u00a0<strong>efektiivsemaks turundamiseks.<\/strong><\/p>\n<p>Kasutajal on igal ajal \u00f5igus keelata oma isikuandmete t\u00f6\u00f6tlemine, v\u00e4lja arvatud juhul, kui see on vajalik lepingust tuleneva n\u00f5ude t\u00e4itmiseks, sh teenuse osutamiseks.<\/p>\n<h4><strong>ISIKUANDMETE EDASTAMINE KOLMANDATELE ISIKUTELE\u00a0<\/strong><\/h4>\n<p><strong>Kolmas isik<\/strong>\u00a0on Geopipesi lepingupartner, kes t\u00f6\u00f6tleb isikuandmeid ja kelle toote v\u00f5i teenuse abil pakub Geopipes kasutajale teenuseid.<\/p>\n<p>Geopipes v\u00f5ib igap\u00e4evaseks tegevuseks kasutada kolmandaid isikuid, kes pakuvad:<\/p>\n<ul>\n<li>e-mailide edastamise ja haldamise s\u00fcsteemi,<\/li>\n<li>veebilehe majutust,<\/li>\n<li>veebilehe kasutusstatistika anal\u00fc\u00fcsi,<\/li>\n<li>sotsiaalmeedia kasutamist ja sotsiaalmeedia statistika anal\u00fc\u00fcsi,<\/li>\n<li>raamatupidamistarkvara kasutamist.<\/li>\n<\/ul>\n<p>Lisaks eelnevas punktis nimetatud kolmandatele isikutele, edastab Geopipes kasutaja isikuandmeid koost\u00f6\u00f6partneritele. Seda vaid ulatuses, mis on vajalik kasutajale teenuse osutamiseks.<\/p>\n<h4><strong>ISIKUANDMETE S\u00c4ILITAMINE JA TURVALISUS<\/strong><\/h4>\n<p>Geopipes s\u00e4ilitab isikuandmeid nii kaua, kuni see on eesm\u00e4rgi t\u00e4itmiseks v\u00f5i seadusest tulenevalt vajalik. N\u00e4iteks raamatupidamisandmeid s\u00e4ilitatakse 7 aastat majandusaasta l\u00f5ppemisest, meililistis olevat e-maili aadressi aga seni, kuni kasutaja avaldab soovi see sealt eemaldada.<\/p>\n<p>Geopipes rakendab k\u00f5iki m\u00f5istlikke meetmeid t\u00f6\u00f6deldavate isikuandmete kaitseks. Juurdep\u00e4\u00e4s isikuandmete muutmiseks ja t\u00f6\u00f6tlemiseks on ainult selleks volitatud isikutel ning k\u00f5ikide kasutajate isikuandmeid k\u00e4sitletakse kui konfidentsiaalset informatsiooni.<\/p>\n<h4><strong>KASUTAJA \u00d5IGUSED<\/strong><\/h4>\n<p>Kasutajal on \u00f5igus igal ajal:<\/p>\n<ul>\n<li>avaldada soovi juurdep\u00e4\u00e4suks enda andmetele;<\/li>\n<li>n\u00f5uda isikuandmete parandamist, t\u00e4iendamist v\u00f5i seaduses etten\u00e4htud tingimustel kustutamist;<\/li>\n<li>n\u00f5uda isikuandmete t\u00f6\u00f6tlemise piiramist;<\/li>\n<li>n\u00f5uda isikuandmete \u00fclekandmist.<\/li>\n<\/ul>\n<p>Oma \u00f5iguste kasutamiseks tuleb kasutajal saata e-posti aadressile\u00a0info@geopipes.ee\u00a0vastavasisuline sooviavaldus.<\/p>\n<p>Kui kasutaja kuulub Geopipesi meililisti, on tal v\u00f5imalik kustutada end meililisti nimekirjast ja loobuda edasistest kirjadest e-kirja l\u00f5pus oleva lingi kaudu.<\/p>\n<p>K\u00fcpsiste kasutamise piiramiseks saab kasutaja teha vastavad valikud oma veebilehitseja seadete alt.<\/p>\n<p>Kui Kasutaja usub, et tema \u00f5igusi on isikuandmete t\u00f6\u00f6tlemisel rikutud, on tal \u00f5igus p\u00f6\u00f6rduda Andmekaitse Inspektsiooni poole.<\/p>\n<h4><strong>K\u00dcPSISED<\/strong><\/h4>\n<p>Geopipesi veebilehel kasutatakse k\u00fcpsiseid, eesm\u00e4rgiga tagada parem kasutajakogemus ja efektiivsem turundustegevus ning koguda kasutusstatistikat.<\/p>\n<p>Kasutades Geopipesi veebilehte, n\u00f5ustub kasutaja k\u00fcpsiste kasutamisega k\u00e4esolevas korras kirjeldatud viisil.<\/p>\n<p><strong>K\u00fcpsis<\/strong>\u00a0on v\u00e4ike tekstifail, mille veebilehitseja automaatselt kasutaja poolt kasutatavasse seadmesse salvestab.\u00a0K\u00fcpsised v\u00f5ivad olla loodud erinevate teenusepakkujate poolt, n\u00e4iteks Google ja Facebook. K\u00fcpsisefailid ei ole arvuti jaoks ohtlikud.<\/p>\n<p>K\u00fcpsiseid on kahte t\u00fc\u00fcpi:<\/p>\n<ol>\n<li><strong>P\u00fcsivaid k\u00fcpsiseid<\/strong>, mis j\u00e4\u00e4vad kasutaja arvutis olevasse k\u00fcpsiste faili p\u00fcsivalt. Neid v\u00f5idakse kasutada n\u00e4iteks kasutaja kui veebilehe korduvk\u00fclastaja \u00e4ratundmiseks ja veebilehe sisu kohandamiseks vastavalt kasutaja vajadustele v\u00f5i statistiliste andmete kogumiseks.<\/li>\n<li><strong>Seansik\u00fcpsised<\/strong>\u00a0on ajutised ja kaovad, kui kasutaja veebilehelt lahkub v\u00f5i oma veebilehitseja sulgeb. Seansik\u00fcpsiseid v\u00f5idakse kasutada veebilehe teatud funktsioonide, n\u00e4iteks teenuse v\u00f5i toote taotlemise jms v\u00f5imaldamiseks.<\/li>\n<\/ol>\n<p>K\u00fcpsiseid kasutatakse teabe kogumiseks selle kohta, kuidas veebilehte kasutatakse, et seda kasutajatele isiklikumaks ja kasutajas\u00f5bralikumaks muuta. Lisaks aitavad k\u00fcpsised koguda kasutajastatistikat, mis v\u00f5imaldab m\u00f5\u00f5ta ja parandada veebilehe toimivust ning annab alusandmed, et viia l\u00e4bi efektiivne turundustegevus.<\/p>\n<p>Kasutaja loetakse k\u00fcpsistega n\u00f5ustunuks, kui tema veebilehitseja seadistustes on k\u00fcpsised lubatud. Tihtipeale veebilehitsejad lubavad vaikimisi k\u00fcpsisefailide s\u00e4ilitamist seadmesse. Kasutaja v\u00f5ib oma seadmes k\u00fcpsiste kasutamise \u00e4ra keelata v\u00f5i need kustutada, muutes oma veebilehitseja vastavaid seadeid. K\u00fcpsiste mittekasutamisel ei pruugi veebileht korrektselt t\u00f6\u00f6tada. Juhiseid brauserist k\u00fcpsiste kustutamiseks ja seadistamiseks leiab n\u00e4iteks siit:\u00a0<a href=\"https:\/\/support.google.com\/chrome\/answer\/95647?hl=en\">Chrome<\/a>,\u00a0<a href=\"https:\/\/support.microsoft.com\/en-us\/help\/278835\/how-to-delete-cookie-files-in-internet-explorer\">Internet Explorer<\/a>.<\/p>\n<p>Kasutusstatistika kogumiseks kasutab Geopipes Google Analytics teenust, kogudes andmeid k\u00fclastatud alalehtede, k\u00fclastusaja, k\u00fclastuste arvu, kasutatavate seadmete, sisenemiskanalite ja muu statistika kohta.<\/p>\n<p>Google Analytics v\u00f5ib siiski koguda andmeid kasutajate aktiivsuse kohta ka ilma k\u00fcpsisefaile kasutamata. Selleks, et Google Analytics ei saaks andmeid kasutada, saab kasutaja paigaldada oma seadmesse Google Analytics\u2019i blokeeriva rakenduse:\u00a0<a href=\"https:\/\/tools.google.com\/dlpage\/gaoptout?hl=en\">Google Analyticsist loobumise brauserilaiend<\/a>.<\/p>\n<p>J\u00e4rgnevate linkide kaudu leiab rohkem informatsiooni\u00a0<a href=\"https:\/\/www.facebook.com\/ads\/about\/\">Facebooki reklaamide<\/a>\u00a0ja\u00a0<a href=\"https:\/\/www.facebook.com\/business\/a\/facebook-pixel-tracking-benefits\">Facebook Pixel<\/a>\u00a0kohta.<\/p>\n<h4><strong>PRIVAATSUSTINGIMUSTE MUUTMINE<\/strong><\/h4>\n<p>Geopipes j\u00e4tab endale \u00f5iguse muuta privaatsustingimusi \u00fchepoolselt ja ette teatamata, eesm\u00e4rgiga kindlustada nende vastavus seadustele. Privaatsustingimused on oma uusimas versioonis alati veebilehel saadaval.<\/p>\n<p>K\u00f5igi privaatsustingimuste ja andmet\u00f6\u00f6tluse kohta tekkivate k\u00fcsimustega palume v\u00f5tta meiega \u00fchendust aadressil\u00a0info@geopipes.ee.<\/p>\n<\/div>\n<p>[\/vc_column_text][vc_empty_space height=&#8221;4em&#8221; alter_height=&#8221;none&#8221; hide_on_mobile=&#8221;&#8221; hide_on_desktop=&#8221;&#8221; hide_on_notebook=&#8221;&#8221; hide_on_tablet=&#8221;&#8221;][\/vc_column][\/vc_row]<\/p>\n","protected":false},"excerpt":{"rendered":"<p>[vc_row hide_bg_image_on_tablet=&#8221;&#8221; hide_bg_image_on_mobile=&#8221;&#8221; css=&#8221;.vc_custom_1527690588959{background-color: #f7f8f9 !important;}&#8221;][vc_column icons_position=&#8221;left&#8221;][vc_empty_space height=&#8221;4em&#8221; alter_height=&#8221;none&#8221; hide_on_mobile=&#8221;&#8221; hide_on_desktop=&#8221;&#8221; hide_on_notebook=&#8221;&#8221; hide_on_tablet=&#8221;&#8221;][vc_column_text] Kehtivad alates 01.07.2019 Privaatsustingimused reguleerivad isikuandmete t\u00f6\u00f6tlemist ja k\u00fcpsiste kasutamist Geopipes (edaspidi Geopipes) veebilehel\u00a0https:\/\/geopipes.ee\u00a0(edaspidi\u00a0veebileht). M\u00d5ISTED Isikuandmete t\u00f6\u00f6tlemine\u00a0on igasugune veebilehe kasutaja (edaspidi\u00a0kasutaja) isikuandmetega tehtav tegevus \u2013 andmete kogumine, t\u00f6\u00f6tlemine, talletamine, parandamine v\u00f5i kustutamine. Kasutajad\u00a0on k\u00f5ik isikud, kes k\u00fclastavad veebilehte, tarbivad teenuseid v\u00f5i edastavad [&hellip;]<\/p>\n","protected":false},"author":1,"featured_media":0,"parent":0,"menu_order":0,"comment_status":"closed","ping_status":"closed","template":"","meta":{"footnotes":""},"class_list":["post-1714","page","type-page","status-publish","hentry"],"_links":{"self":[{"href":"https:\/\/geopipes.ee\/en\/wp-json\/wp\/v2\/pages\/1714"}],"collection":[{"href":"https:\/\/geopipes.ee\/en\/wp-json\/wp\/v2\/pages"}],"about":[{"href":"https:\/\/geopipes.ee\/en\/wp-json\/wp\/v2\/types\/page"}],"author":[{"embeddable":true,"href":"https:\/\/geopipes.ee\/en\/wp-json\/wp\/v2\/users\/1"}],"replies":[{"embeddable":true,"href":"https:\/\/geopipes.ee\/en\/wp-json\/wp\/v2\/comments?post=1714"}],"version-history":[{"count":1,"href":"https:\/\/geopipes.ee\/en\/wp-json\/wp\/v2\/pages\/1714\/revisions"}],"predecessor-version":[{"id":1721,"href":"https:\/\/geopipes.ee\/en\/wp-json\/wp\/v2\/pages\/1714\/revisions\/1721"}],"wp:attachment":[{"href":"https:\/\/geopipes.ee\/en\/wp-json\/wp\/v2\/media?parent=1714"}],"curies":[{"name":"wp","href":"https:\/\/api.w.org\/{rel}","templated":true}]}}