{"id":1717,"date":"2016-09-08T07:19:56","date_gmt":"2016-09-08T07:19:56","guid":{"rendered":"https:\/\/geopipes.ee\/uudised\/"},"modified":"2020-10-13T08:10:53","modified_gmt":"2020-10-13T08:10:53","slug":"news","status":"publish","type":"page","link":"https:\/\/geopipes.ee\/en\/news\/","title":{"rendered":"News"},"content":{"rendered":"<p>Uudistootena m\u00fc\u00fcb Geopipes O\u00dc<\/p>\n<p>1) Koost\u00f6\u00f6s ACO Nordic O\u00dc.-ga kahepaiksete ja v\u00e4ikeloomade kaitse s\u00fcsteeme.<br \/>\nNeed on suunavad seinad, ACO LEP 100, mille eesm\u00e4rk on t\u00f5kestada kahepaiksete ja v\u00e4ikeloomade sattumist teele ning samal ajal v\u00f5imaldada teedeehitust soovitud asukohas ja mahus.<br \/>\nS\u00fcsteem koosneb 1-meetrise paigaldusastmega p\u00f5hi\u00fcksusest ja t\u00e4iendavatest k\u00f5verdatud ja erikujulistest \u00fcksustest, mille paigaldatud pikkus on 0,5m, et need oleksid optimaalselt kohandatud ka keerukate maastiku profiili ja reljeefi jaoks.<\/p>\n<p>ACO LEP 100 s\u00fcsteem v\u00f5imaldab lisaks kahepaiksete optimaalsele k\u00e4istele hoides neid eemal ohualadest ka teostada soovitud pinnaset\u00f6\u00f6d, tagada vee optimaalseid \u00e4ravooluomadusi ning pakub paigaldamise lihtsust ja stabiilsust.<br \/>\nT\u00f5kkeseina taldmik ehk alusplaat hoiab tagasi taimestiku kasvu, mis vastasel juhul annaks kahepaiksetele v\u00f5imaluse ronida \u00fcle seina.<br \/>\nSee on m\u00e4rkimisv\u00e4\u00e4rne eelis alternatiivsete lahenduste ees, milliste paigaldus on t\u00f6\u00f6mahukam ja maapinda tuleb regulaarselt niita v\u00f5i puhastada.<\/p>\n<p>Toote praktilised eelised<\/p>\n<p>*Drenaa\u017ei omadused<br \/>\nLEP 100 seina moodulil endal on integreeritud \u00e4ravooluavad aluse tagumises osas, samuti on ette n\u00e4htud v\u00f5imalus drenaa\u017eiks taldmiku \u00fchenduskohtades, kus geotekstiil kantakse peale, kuid pole n\u00e4htav. Pinnavesi voolab loomulikul viisil vertikaalselt \u00e4ra, parandades sellega oluliselt muldkehade ja servade stabiilsust.<br \/>\n*Stabiilsus<br \/>\nKasutatav materjal, hea \u00e4ravoolu v\u00f5ime ja madal raskuskese annavad k\u00f5rge stabiilsuse. Staatiline arvutus n\u00e4itab , et serva konstruktsioon on v\u00f5imeline kandma suuremat liikuvat koormust (p = 5,0 kN \/ m2). kuni 40 \u00b0 kaldenurga puhul (1: 1,2) ning muldkehades pole s\u00fcsteemi detailide t\u00e4iendavat kinnitamist vaja. Lisaks takistab integreeritud kattuv \u00fchendus detailide nihkumist.<\/p>\n<p>2) Koost\u00f6\u00f6s AS Rake Ehituse esindus\u00f5igusega DuPonti juuret\u00f5kkelisi geotekstiile.<br \/>\nP\u00e4ikeseparkide loomisel hooldusvaba maapinna tekitamiseks m\u00fc\u00fcme spetsiaalset geotekstiili nimega Plantex Platinium Solar, millel kaal on 240 g\/m2 kohta. Kui materjal j\u00e4tta katmata, olles samaaegselt avatud aastaringselt UV kiirgusele on selle umbrohu kasvu t\u00f5kestavad omadused garanteeritud 8 aastat.<\/p>\n<p>Kattes materjali n\u00e4iteks mult\u0161iga, pikenevad Solari umbrohut\u00f5rje omadused 25 aastani.<br \/>\nPlatinium Solar geotekstiilipaane on omavahel v\u00f5imalik kokku liita spetsiaalse keevitusseadme abil. Teise v\u00f5imalusena saab paane omavahel liita pakutava but\u00fc\u00fclteibi P10MS abil.<\/p>\n<p>Hinnalt odavama lahenduse puhul saab samuti kasutada p\u00e4ikeseparkide aluse maapinna hooldusvabaks muutmiseks Plantex Gold\u00b4i, millel kaal on 125 g\/m2 kohta.<br \/>\nSellel materjalil on UV-kindlus madalam ning katmata kujul umbrohu kasvu takistavad omadused s\u00e4ilivad garanteeritult 3 aastat.<br \/>\nKui materjal katta ca 5cm paksuse kooremult\u0161iga, pikeneb kasutusiga 25 aastani.<\/p>\n<p>M\u00f5lemad DuPonti geotekstiilid v\u00f5imaldavad \u00fchtemoodi:<br \/>\n&#8211; Loobuda t\u00e4ielikult loodusele kahjulike herbitsiidide kasutamisest materjaliga kaetud alal, mis takistavad v\u00e4ga efektiivselt ka k\u00f5ige agressivsema kasvuga taimkatte l\u00e4bikasvamist.<br \/>\n&#8211; P\u00e4\u00e4seda \u00f5hul, sadeveel ja toitainetel l\u00e4bi tekstiili mullapinda, tagades seel\u00e4bi bioloogilise mitmekesisuse s\u00e4ilimise mullas.<br \/>\n&#8211; Saavutada p\u00e4ikeseparkidele t\u00e4ielikult hooldusvaba aluspind 3-ks v\u00f5i 8-ks aastaks katmata kujul v\u00f5i mult\u0161iga katmise korral 25-ks aastaks.<br \/>\n&#8211; Paigutada p\u00e4ikesepaneele teineteisele l\u00e4hemale, sest hoolduseks vajalikke radasid ei ole enam tarvis, saavutades nii v\u00e4iksema maapinna peal suurema efektiivsuse.<\/p>\n<p><img loading=\"lazy\" decoding=\"async\" class=\"alignnone size-medium wp-image-1279\" src=\"https:\/\/geopipes.ee\/wp-content\/uploads\/2020\/04\/6.-Haljastus-Kahepaiksete-tunnel-300x300.jpg\" alt=\"\" width=\"300\" height=\"300\" srcset=\"https:\/\/geopipes.ee\/wp-content\/uploads\/2020\/04\/6.-Haljastus-Kahepaiksete-tunnel-300x300.jpg 300w, https:\/\/geopipes.ee\/wp-content\/uploads\/2020\/04\/6.-Haljastus-Kahepaiksete-tunnel-100x100.jpg 100w, https:\/\/geopipes.ee\/wp-content\/uploads\/2020\/04\/6.-Haljastus-Kahepaiksete-tunnel-450x450.jpg 450w, https:\/\/geopipes.ee\/wp-content\/uploads\/2020\/04\/6.-Haljastus-Kahepaiksete-tunnel-150x150.jpg 150w, https:\/\/geopipes.ee\/wp-content\/uploads\/2020\/04\/6.-Haljastus-Kahepaiksete-tunnel.jpg 600w\" sizes=\"(max-width: 300px) 100vw, 300px\" \/><img loading=\"lazy\" decoding=\"async\" class=\"alignnone size-medium wp-image-1277\" src=\"https:\/\/geopipes.ee\/wp-content\/uploads\/2020\/04\/6.-Haljastus-Kahepaiksete-sein-1-300x184.jpg\" alt=\"\" width=\"300\" height=\"184\" srcset=\"https:\/\/geopipes.ee\/wp-content\/uploads\/2020\/04\/6.-Haljastus-Kahepaiksete-sein-1-300x184.jpg 300w, https:\/\/geopipes.ee\/wp-content\/uploads\/2020\/04\/6.-Haljastus-Kahepaiksete-sein-1-600x368.jpg 600w, https:\/\/geopipes.ee\/wp-content\/uploads\/2020\/04\/6.-Haljastus-Kahepaiksete-sein-1-768x470.jpg 768w, https:\/\/geopipes.ee\/wp-content\/uploads\/2020\/04\/6.-Haljastus-Kahepaiksete-sein-1.jpg 800w\" sizes=\"(max-width: 300px) 100vw, 300px\" \/><img loading=\"lazy\" decoding=\"async\" class=\"alignnone size-medium wp-image-1271\" src=\"https:\/\/geopipes.ee\/wp-content\/uploads\/2020\/04\/6.-Haljastus-Kahepaiksete-sein-300x184.jpg\" alt=\"\" width=\"300\" height=\"184\" srcset=\"https:\/\/geopipes.ee\/wp-content\/uploads\/2020\/04\/6.-Haljastus-Kahepaiksete-sein-300x184.jpg 300w, https:\/\/geopipes.ee\/wp-content\/uploads\/2020\/04\/6.-Haljastus-Kahepaiksete-sein-600x368.jpg 600w, https:\/\/geopipes.ee\/wp-content\/uploads\/2020\/04\/6.-Haljastus-Kahepaiksete-sein-768x470.jpg 768w, https:\/\/geopipes.ee\/wp-content\/uploads\/2020\/04\/6.-Haljastus-Kahepaiksete-sein.jpg 800w\" sizes=\"(max-width: 300px) 100vw, 300px\" \/><img loading=\"lazy\" decoding=\"async\" class=\"alignnone size-medium wp-image-1267\" src=\"https:\/\/geopipes.ee\/wp-content\/uploads\/2020\/04\/6.-Haljastus-Kahepaiksete--300x155.jpg\" alt=\"\" width=\"300\" height=\"155\" srcset=\"https:\/\/geopipes.ee\/wp-content\/uploads\/2020\/04\/6.-Haljastus-Kahepaiksete--300x155.jpg 300w, https:\/\/geopipes.ee\/wp-content\/uploads\/2020\/04\/6.-Haljastus-Kahepaiksete--600x309.jpg 600w, https:\/\/geopipes.ee\/wp-content\/uploads\/2020\/04\/6.-Haljastus-Kahepaiksete--768x396.jpg 768w, https:\/\/geopipes.ee\/wp-content\/uploads\/2020\/04\/6.-Haljastus-Kahepaiksete-.jpg 800w\" sizes=\"(max-width: 300px) 100vw, 300px\" \/><img loading=\"lazy\" decoding=\"async\" class=\"alignnone size-medium wp-image-1273\" src=\"https:\/\/geopipes.ee\/wp-content\/uploads\/2020\/04\/6.-Haljastus-Kahepaiksete-1-1-300x155.jpg\" alt=\"\" width=\"300\" height=\"155\" srcset=\"https:\/\/geopipes.ee\/wp-content\/uploads\/2020\/04\/6.-Haljastus-Kahepaiksete-1-1-300x155.jpg 300w, https:\/\/geopipes.ee\/wp-content\/uploads\/2020\/04\/6.-Haljastus-Kahepaiksete-1-1-600x309.jpg 600w, https:\/\/geopipes.ee\/wp-content\/uploads\/2020\/04\/6.-Haljastus-Kahepaiksete-1-1-768x396.jpg 768w, https:\/\/geopipes.ee\/wp-content\/uploads\/2020\/04\/6.-Haljastus-Kahepaiksete-1-1.jpg 800w\" sizes=\"(max-width: 300px) 100vw, 300px\" \/><img loading=\"lazy\" decoding=\"async\" class=\"alignnone size-medium wp-image-1269\" src=\"https:\/\/geopipes.ee\/wp-content\/uploads\/2020\/04\/6.-Haljastus-Kahepaiksete-1-300x300.jpg\" alt=\"\" width=\"300\" height=\"300\" srcset=\"https:\/\/geopipes.ee\/wp-content\/uploads\/2020\/04\/6.-Haljastus-Kahepaiksete-1-300x300.jpg 300w, https:\/\/geopipes.ee\/wp-content\/uploads\/2020\/04\/6.-Haljastus-Kahepaiksete-1-100x100.jpg 100w, https:\/\/geopipes.ee\/wp-content\/uploads\/2020\/04\/6.-Haljastus-Kahepaiksete-1-450x450.jpg 450w, https:\/\/geopipes.ee\/wp-content\/uploads\/2020\/04\/6.-Haljastus-Kahepaiksete-1-150x150.jpg 150w, https:\/\/geopipes.ee\/wp-content\/uploads\/2020\/04\/6.-Haljastus-Kahepaiksete-1.jpg 560w\" sizes=\"(max-width: 300px) 100vw, 300px\" \/><img loading=\"lazy\" decoding=\"async\" class=\"alignnone size-medium wp-image-1275\" src=\"https:\/\/geopipes.ee\/wp-content\/uploads\/2020\/04\/6.-Haljastus-Kahepaiksete-1-2-300x300.jpg\" alt=\"\" width=\"300\" height=\"300\" srcset=\"https:\/\/geopipes.ee\/wp-content\/uploads\/2020\/04\/6.-Haljastus-Kahepaiksete-1-2-300x300.jpg 300w, https:\/\/geopipes.ee\/wp-content\/uploads\/2020\/04\/6.-Haljastus-Kahepaiksete-1-2-100x100.jpg 100w, https:\/\/geopipes.ee\/wp-content\/uploads\/2020\/04\/6.-Haljastus-Kahepaiksete-1-2-450x450.jpg 450w, https:\/\/geopipes.ee\/wp-content\/uploads\/2020\/04\/6.-Haljastus-Kahepaiksete-1-2-150x150.jpg 150w, https:\/\/geopipes.ee\/wp-content\/uploads\/2020\/04\/6.-Haljastus-Kahepaiksete-1-2.jpg 560w\" sizes=\"(max-width: 300px) 100vw, 300px\" \/><\/p>\n","protected":false},"excerpt":{"rendered":"<p>Uudistootena m\u00fc\u00fcb Geopipes O\u00dc 1) Koost\u00f6\u00f6s ACO Nordic O\u00dc.-ga kahepaiksete ja v\u00e4ikeloomade kaitse s\u00fcsteeme. Need on suunavad seinad, ACO LEP 100, mille eesm\u00e4rk on t\u00f5kestada kahepaiksete ja v\u00e4ikeloomade sattumist teele ning samal ajal v\u00f5imaldada teedeehitust soovitud asukohas ja mahus. S\u00fcsteem koosneb 1-meetrise paigaldusastmega p\u00f5hi\u00fcksusest ja t\u00e4iendavatest k\u00f5verdatud ja erikujulistest \u00fcksustest, mille paigaldatud pikkus on 0,5m, [&hellip;]<\/p>\n","protected":false},"author":1,"featured_media":0,"parent":0,"menu_order":0,"comment_status":"closed","ping_status":"closed","template":"blog.php","meta":{"footnotes":""},"class_list":["post-1717","page","type-page","status-publish","hentry"],"_links":{"self":[{"href":"https:\/\/geopipes.ee\/en\/wp-json\/wp\/v2\/pages\/1717"}],"collection":[{"href":"https:\/\/geopipes.ee\/en\/wp-json\/wp\/v2\/pages"}],"about":[{"href":"https:\/\/geopipes.ee\/en\/wp-json\/wp\/v2\/types\/page"}],"author":[{"embeddable":true,"href":"https:\/\/geopipes.ee\/en\/wp-json\/wp\/v2\/users\/1"}],"replies":[{"embeddable":true,"href":"https:\/\/geopipes.ee\/en\/wp-json\/wp\/v2\/comments?post=1717"}],"version-history":[{"count":2,"href":"https:\/\/geopipes.ee\/en\/wp-json\/wp\/v2\/pages\/1717\/revisions"}],"predecessor-version":[{"id":1728,"href":"https:\/\/geopipes.ee\/en\/wp-json\/wp\/v2\/pages\/1717\/revisions\/1728"}],"wp:attachment":[{"href":"https:\/\/geopipes.ee\/en\/wp-json\/wp\/v2\/media?parent=1717"}],"curies":[{"name":"wp","href":"https:\/\/api.w.org\/{rel}","templated":true}]}}